{"id":2004,"date":"2026-04-20T16:57:36","date_gmt":"2026-04-20T14:57:36","guid":{"rendered":"https:\/\/lumikids.przedprojekt.com.pl\/produkt\/komplet-chicago-style-jasny-szary\/"},"modified":"2026-04-20T16:58:09","modified_gmt":"2026-04-20T14:58:09","slug":"komplet-chicago-style-jasny-szary","status":"publish","type":"product","link":"https:\/\/lumikids.przedprojekt.com.pl\/?product=komplet-chicago-style-jasny-szary","title":{"rendered":"Komplet Chicago Style Jasny Szary"},"content":{"rendered":"<h2><strong><span style=\"color: #ff00db;\">UWAGA!<\/span><\/strong><span style=\"text-decoration: underline;\"><span style=\"font-family: Verdana, 'sans-serif'; color: black; text-decoration: underline;\">Nie oszcz\u0119dzamy na materiale, nie zani\u017camy rozmiar\u00f3wki. Nie sugeruj si\u0119 metkami z sieci\u00f3wek. Wybierz rozmiar zgodnie z realnym wzrostem dziecka! Jest to fason oversize, kt\u00f3ry gwarantuje wygod\u0119 i dopasowanie zar\u00f3wno dla dzieci szczup\u0142ych, jak i o pe\u0142niejszych kszta\u0142tach.<\/span><\/span><\/h2>\n","protected":false},"excerpt":{"rendered":"<p>UWAGA!Nie oszcz\u0119dzamy na materiale, nie zani\u017camy rozmiar\u00f3wki. Nie sugeruj si\u0119 metkami z sieci\u00f3wek. Wybierz rozmiar zgodnie z realnym wzrostem dziecka! Jest to fason oversize, kt\u00f3ry gwarantuje wygod\u0119 i dopasowanie zar\u00f3wno dla dzieci szczup\u0142ych, jak i o pe\u0142niejszych kszta\u0142tach.<\/p>\n","protected":false},"featured_media":2012,"comment_status":"open","ping_status":"closed","template":"","meta":{"_acf_changed":false},"product_cat":[72],"product_tag":[],"class_list":{"0":"post-2004","1":"product","2":"type-product","3":"status-publish","4":"has-post-thumbnail","6":"product_cat-dziewczynka","8":"first","9":"instock","10":"shipping-taxable","11":"purchasable","12":"product-type-variable","swatches":"rey-swatches","show_selected":"","stretch_labels":"rey-swatches--stretch-labels"},"acf":[],"_links":{"self":[{"href":"https:\/\/lumikids.przedprojekt.com.pl\/index.php?rest_route=\/wp\/v2\/product\/2004","targetHints":{"allow":["GET"]}}],"collection":[{"href":"https:\/\/lumikids.przedprojekt.com.pl\/index.php?rest_route=\/wp\/v2\/product"}],"about":[{"href":"https:\/\/lumikids.przedprojekt.com.pl\/index.php?rest_route=\/wp\/v2\/types\/product"}],"replies":[{"embeddable":true,"href":"https:\/\/lumikids.przedprojekt.com.pl\/index.php?rest_route=%2Fwp%2Fv2%2Fcomments&post=2004"}],"wp:featuredmedia":[{"embeddable":true,"href":"https:\/\/lumikids.przedprojekt.com.pl\/index.php?rest_route=\/wp\/v2\/media\/2012"}],"wp:attachment":[{"href":"https:\/\/lumikids.przedprojekt.com.pl\/index.php?rest_route=%2Fwp%2Fv2%2Fmedia&parent=2004"}],"wp:term":[{"taxonomy":"product_cat","embeddable":true,"href":"https:\/\/lumikids.przedprojekt.com.pl\/index.php?rest_route=%2Fwp%2Fv2%2Fproduct_cat&post=2004"},{"taxonomy":"product_tag","embeddable":true,"href":"https:\/\/lumikids.przedprojekt.com.pl\/index.php?rest_route=%2Fwp%2Fv2%2Fproduct_tag&post=2004"}],"curies":[{"name":"wp","href":"https:\/\/api.w.org\/{rel}","templated":true}]}}