{"id":1970,"date":"2026-04-20T16:57:16","date_gmt":"2026-04-20T14:57:16","guid":{"rendered":"https:\/\/lumikids.przedprojekt.com.pl\/produkt\/komplet-uniwersalny-bluza-rozpinana-i-spodnie-65\/"},"modified":"2026-04-20T16:57:33","modified_gmt":"2026-04-20T14:57:33","slug":"komplet-uniwersalny-bluza-rozpinana-i-spodnie-65","status":"publish","type":"product","link":"https:\/\/lumikids.przedprojekt.com.pl\/?product=komplet-uniwersalny-bluza-rozpinana-i-spodnie-65","title":{"rendered":"Komplet uniwersalny bluza rozpinana i spodnie 65"},"content":{"rendered":"<h3><span style=\"text-decoration: underline;\"><span style=\"text-decoration: underline;\"><span style=\"font-family: Verdana, 'sans-serif'; color: black; text-decoration: underline;\">Uwaga! Nie oszczedzamy na materiale, nie zani\u017camy rozmiar\u00f3wki. Nie sugeruj si\u0119 metkami z sieci\u00f3wek. Wybierz rozmiar zgodnie z realnym wzrostem dziecka! Jest to fason oversize, kt\u00f3ry gwarantuje wygod\u0119 i dopasowanie zar\u00f3wno dla dzieci szczup\u0142ych, jak i o pe\u0142niejszych kszta\u0142tach.<\/span><\/span><\/span><\/h3><\/p>\n","protected":false},"excerpt":{"rendered":"<p>Uwaga! Nie oszczedzamy na materiale, nie zani\u017camy rozmiar\u00f3wki. Nie sugeruj si\u0119 metkami z sieci\u00f3wek. Wybierz rozmiar zgodnie z realnym wzrostem dziecka! Jest to fason oversize, kt\u00f3ry gwarantuje wygod\u0119 i dopasowanie zar\u00f3wno dla dzieci szczup\u0142ych, jak i o pe\u0142niejszych kszta\u0142tach.<\/p>\n","protected":false},"featured_media":1980,"comment_status":"open","ping_status":"closed","template":"","meta":{"_acf_changed":false},"product_cat":[72],"product_tag":[],"class_list":{"0":"post-1970","1":"product","2":"type-product","3":"status-publish","4":"has-post-thumbnail","6":"product_cat-dziewczynka","8":"first","9":"instock","10":"shipping-taxable","11":"purchasable","12":"product-type-variable","swatches":"rey-swatches","show_selected":"","stretch_labels":"rey-swatches--stretch-labels"},"acf":[],"_links":{"self":[{"href":"https:\/\/lumikids.przedprojekt.com.pl\/index.php?rest_route=\/wp\/v2\/product\/1970","targetHints":{"allow":["GET"]}}],"collection":[{"href":"https:\/\/lumikids.przedprojekt.com.pl\/index.php?rest_route=\/wp\/v2\/product"}],"about":[{"href":"https:\/\/lumikids.przedprojekt.com.pl\/index.php?rest_route=\/wp\/v2\/types\/product"}],"replies":[{"embeddable":true,"href":"https:\/\/lumikids.przedprojekt.com.pl\/index.php?rest_route=%2Fwp%2Fv2%2Fcomments&post=1970"}],"wp:featuredmedia":[{"embeddable":true,"href":"https:\/\/lumikids.przedprojekt.com.pl\/index.php?rest_route=\/wp\/v2\/media\/1980"}],"wp:attachment":[{"href":"https:\/\/lumikids.przedprojekt.com.pl\/index.php?rest_route=%2Fwp%2Fv2%2Fmedia&parent=1970"}],"wp:term":[{"taxonomy":"product_cat","embeddable":true,"href":"https:\/\/lumikids.przedprojekt.com.pl\/index.php?rest_route=%2Fwp%2Fv2%2Fproduct_cat&post=1970"},{"taxonomy":"product_tag","embeddable":true,"href":"https:\/\/lumikids.przedprojekt.com.pl\/index.php?rest_route=%2Fwp%2Fv2%2Fproduct_tag&post=1970"}],"curies":[{"name":"wp","href":"https:\/\/api.w.org\/{rel}","templated":true}]}}