{"id":1832,"date":"2026-04-20T16:55:48","date_gmt":"2026-04-20T14:55:48","guid":{"rendered":"https:\/\/lumikids.przedprojekt.com.pl\/produkt\/komplet-3czesciowy-dziewczecy-projektantka-topbluzka-siatkaspodnie\/"},"modified":"2026-04-20T16:56:10","modified_gmt":"2026-04-20T14:56:10","slug":"komplet-3czesciowy-dziewczecy-projektantka-topbluzka-siatkaspodnie","status":"publish","type":"product","link":"https:\/\/lumikids.przedprojekt.com.pl\/?product=komplet-3czesciowy-dziewczecy-projektantka-topbluzka-siatkaspodnie","title":{"rendered":"Komplet 3cz\u0119\u015bciowy dziewcz\u0119cy Projektantka top+bluzka siatka+spodnie"},"content":{"rendered":"<h4><span style=\"color: #ff00db;\">UWAGA!<\/span><span style=\"color: #ff00e2;\"> Nie oszcz\u0119dzamy na materiale- nie zani\u017camy rozmiar\u00f3wki! Wybieraj\u0105c rozmiar sugeruj si\u0119 realnym wzrostem dziecka w cm<\/span>, nie wybieraj rozmiaru z zapasem, nie sugeruj si\u0119 metkami z sieci\u00f3wek czy te\u017c w\u0142oskich modeli, kt\u00f3re s\u0105 bardzo zani\u017cone! Dla przyk\u0142adu: -+2 cm, dziecko realny wzrost 136 cm &#8211; wybieramy rozmiar 134, dziecko realny wzrost 142 cm wybieramy rozmiar 140, dziecko realny wzrost 150 cm wybieramy rozmiar 152, dziecko czy te\u017c mama realny wzrost 164 cm wybieramy rozmiar 164 itd<\/h4>\n","protected":false},"excerpt":{"rendered":"<p>UWAGA! Nie oszcz\u0119dzamy na materiale- nie zani\u017camy rozmiar\u00f3wki! Wybieraj\u0105c rozmiar sugeruj si\u0119 realnym wzrostem dziecka w cm, nie wybieraj rozmiaru z zapasem, nie sugeruj si\u0119 metkami z sieci\u00f3wek czy te\u017c w\u0142oskich modeli, kt\u00f3re s\u0105 bardzo zani\u017cone! Dla przyk\u0142adu: -+2 cm, dziecko realny wzrost 136 cm &#8211; wybieramy rozmiar 134, dziecko realny wzrost 142 cm wybieramy [&hellip;]<\/p>\n","protected":false},"featured_media":1839,"comment_status":"open","ping_status":"closed","template":"","meta":{"_acf_changed":false},"product_cat":[72],"product_tag":[],"class_list":{"0":"post-1832","1":"product","2":"type-product","3":"status-publish","4":"has-post-thumbnail","6":"product_cat-dziewczynka","8":"first","9":"instock","10":"shipping-taxable","11":"purchasable","12":"product-type-variable","swatches":"rey-swatches","show_selected":"","stretch_labels":"rey-swatches--stretch-labels"},"acf":[],"_links":{"self":[{"href":"https:\/\/lumikids.przedprojekt.com.pl\/index.php?rest_route=\/wp\/v2\/product\/1832","targetHints":{"allow":["GET"]}}],"collection":[{"href":"https:\/\/lumikids.przedprojekt.com.pl\/index.php?rest_route=\/wp\/v2\/product"}],"about":[{"href":"https:\/\/lumikids.przedprojekt.com.pl\/index.php?rest_route=\/wp\/v2\/types\/product"}],"replies":[{"embeddable":true,"href":"https:\/\/lumikids.przedprojekt.com.pl\/index.php?rest_route=%2Fwp%2Fv2%2Fcomments&post=1832"}],"wp:featuredmedia":[{"embeddable":true,"href":"https:\/\/lumikids.przedprojekt.com.pl\/index.php?rest_route=\/wp\/v2\/media\/1839"}],"wp:attachment":[{"href":"https:\/\/lumikids.przedprojekt.com.pl\/index.php?rest_route=%2Fwp%2Fv2%2Fmedia&parent=1832"}],"wp:term":[{"taxonomy":"product_cat","embeddable":true,"href":"https:\/\/lumikids.przedprojekt.com.pl\/index.php?rest_route=%2Fwp%2Fv2%2Fproduct_cat&post=1832"},{"taxonomy":"product_tag","embeddable":true,"href":"https:\/\/lumikids.przedprojekt.com.pl\/index.php?rest_route=%2Fwp%2Fv2%2Fproduct_tag&post=1832"}],"curies":[{"name":"wp","href":"https:\/\/api.w.org\/{rel}","templated":true}]}}