{"id":1155,"date":"2026-04-20T16:48:33","date_gmt":"2026-04-20T14:48:33","guid":{"rendered":"https:\/\/lumikids.przedprojekt.com.pl\/produkt\/komplet-unisex-tie-dye-bluzka-i-spodenki\/"},"modified":"2026-04-20T16:48:43","modified_gmt":"2026-04-20T14:48:43","slug":"komplet-unisex-tie-dye-bluzka-i-spodenki","status":"publish","type":"product","link":"https:\/\/lumikids.przedprojekt.com.pl\/?product=komplet-unisex-tie-dye-bluzka-i-spodenki","title":{"rendered":"Komplet unisex Tie dye bluzka i spodenki"},"content":{"rendered":"<p class=\"MsoNormal\" style=\"margin-bottom: 0cm; line-height: normal; mso-outline-level: 3; background: white;\"><b><span style=\"font-size: 12.0pt; font-family: 'Arial',sans-serif; mso-fareast-font-family: 'Times New Roman'; color: #2c2f45; mso-font-kerning: 0pt; mso-ligatures: none; mso-fareast-language: PL;\">Wyj\u0105tkowy komplet oversize z najnowszej kolekcji S\u00f3wka Sklep dost\u0119pny w rozmiarach od 140 do 164.\u00a0<\/span><\/b><b><span style=\"font-size: 12.0pt; font-family: 'Arial',sans-serif; mso-fareast-font-family: 'Times New Roman'; color: #2c2f45; mso-font-kerning: 0pt; mso-ligatures: none; mso-fareast-language: PL;\"> Komplet tie dye bluzka oversize i spodenki bermudy<\/span><\/b><\/p>\n<p class=\"MsoNormal\" style=\"background: white;\"><strong><span style=\"font-size: 12pt; line-height: 107%; font-family: Arial, sans-serif; color: #2c2f45; background-image: initial; background-position: initial; background-size: initial; background-repeat: initial; background-attachment: initial; background-origin: initial; background-clip: initial;\">Rozmiar\u00f3wka standardowa, <\/span><\/strong><span style=\"color: #2c2f45; font-family: Arial, sans-serif; font-size: 16px;\">rozmiar wybieramy zgodnie z realnym wzrostem dziecka, dla pewno\u015bci wyboru odpowiedniego rozmiaru podajemy poni\u017cej tabel\u0119 z wymiarami na p\u0142asko +-2 cm<\/span><\/p>\n<p class=\"MsoNormal\" style=\"background: white;\"><span style=\"font-size: 12pt; line-height: 107%; font-family: Arial, sans-serif; color: #2c2f45; background-image: initial; background-position: initial; background-size: initial; background-repeat: initial; background-attachment: initial; background-origin: initial; background-clip: initial;\">Modelka dziewczynka brunetka: wzrost 149 cm, prezentuje rozmiar z metki 146\u00a0<\/span><\/p>\n<p class=\"MsoNormal\" style=\"background: white;\"><span style=\"font-size: 12pt; line-height: 107%; font-family: Arial, sans-serif; color: #2c2f45; background-image: initial; background-position: initial; background-size: initial; background-repeat: initial; background-attachment: initial; background-origin: initial; background-clip: initial;\">Modelka dziewczynka kasztanowe wlosy: wzrost 145 cm, prezentuje rozmiar z metki 140<\/span><\/p>\n<p class=\"MsoNormal\" style=\"background: white;\"><span style=\"font-size: 12pt; line-height: 107%; font-family: Arial, sans-serif; color: #2c2f45; background-image: initial; background-position: initial; background-size: initial; background-repeat: initial; background-attachment: initial; background-origin: initial; background-clip: initial;\">Modelka Mama: wzrost 166 cm, prezentuje rozmiar z metki 164 odpowiednik rozmiaru S- M<\/span><\/p>\n<p class=\"MsoNormal\" style=\"background: white;\">\n<\/p>\n<p class=\"MsoNormal\" style=\"margin-bottom: 0cm; line-height: normal; mso-outline-level: 3;\"><span style=\"font-size: 12pt; font-family: Arial, sans-serif;\">\u2022\u00a0<b>Jako\u015b\u0107:<\/b>\u00a0Wykonany z wysokogatunkowej bawe\u0142ny. Mi\u0119kka oddychaj\u0105ca bawe\u0142na w jako\u015bci premium gwarantuje trwa\u0142o\u015b\u0107 i wytrzyma\u0142o\u015b\u0107, zachowuj\u0105c jednocze\u015bnie mi\u0119kko\u015b\u0107 w dotyku<\/span><\/p>\n<p class=\"MsoNormal\" style=\"margin-bottom: 0cm; line-height: normal; mso-outline-level: 3;\"><span style=\"font-size: 12pt; font-family: Arial, sans-serif;\">\u2022\u00a0<b>Styl: <\/b>\u00a0Modny nowoczesny kr\u00f3j, unikalne aplikacje\u00a0 dodaj\u0105 charakteru i oryginalno\u015bci, sprawiaj\u0105c, \u017ce zestaw wyr\u00f3\u017cnia si\u0119 na tle innych<\/span><\/p>\n<p class=\"MsoNormal\" style=\"margin-bottom: 0cm; line-height: normal; mso-outline-level: 3; mso-collapsed-heading: yes;\"><span style=\"font-size: 12pt; font-family: Arial, sans-serif;\">\u2022\u00a0<b>Wygoda:<\/b> Fason oversize zapewnia swobod\u0119 ruch\u00f3w co czyni ten komplet idealny na r\u00f3\u017cne aktywno\u015bci od wyj\u015bcia w miasto, przez zabaw\u0119 na swie\u017cym powietrzu, po relaks w domu<\/span><\/p>\n<p class=\"MsoNormal\" style=\"margin-bottom: 0cm; line-height: normal; mso-outline-level: 3; mso-collapsed-heading: yes;\"><span style=\"font-size: 12.0pt; font-family: 'Arial',sans-serif; mso-fareast-font-family: 'Times New Roman'; color: #2c2f45; background: white; mso-font-kerning: 0pt; mso-ligatures: none; mso-fareast-language: PL;\">Ciesz si\u0119 razem ze swoj\u0105 C\u00f3rk\u0105 swobod\u0105 i modnym wygl\u0105dem ka\u017cdego dnia! Idealny wyb\u00f3r do szko\u0142y, na wyj\u015bcia w\u00a0 miasto czy weekendowe podr\u00f3\u017ce<\/span><\/p>\n<p class=\"MsoNormal\" style=\"mso-margin-top-alt: auto; mso-margin-bottom-alt: auto; line-height: normal; mso-outline-level: 3; background: white;\"><span style=\"font-size: 12.0pt; font-family: 'Arial',sans-serif; mso-fareast-font-family: 'Times New Roman'; color: #2c2f45; mso-font-kerning: 0pt; mso-ligatures: none; mso-fareast-language: PL;\"><strong>Bluzka:<\/strong><\/span><\/p>\n<p class=\"MsoNormal\" style=\"mso-margin-top-alt: auto; mso-margin-bottom-alt: auto; line-height: normal; mso-outline-level: 3; background: white;\"><span style=\"font-size: 12.0pt; font-family: 'Arial',sans-serif; mso-fareast-font-family: 'Times New Roman'; color: #2c2f45; mso-font-kerning: 0pt; mso-ligatures: none; mso-fareast-language: PL;\">\u2022 Materia\u0142: Wykonana z wysokiej jako\u015bci bawe\u0142ny, mi\u0119kkiego materia\u0142u, kt\u00f3ry zapewnia komfort.<\/span><\/p>\n<p class=\"MsoNormal\" style=\"mso-margin-top-alt: auto; mso-margin-bottom-alt: auto; line-height: normal; mso-outline-level: 3; background: white;\"><span style=\"font-size: 12.0pt; font-family: 'Arial',sans-serif; mso-fareast-font-family: 'Times New Roman'; color: #2c2f45; mso-font-kerning: 0pt; mso-ligatures: none; mso-fareast-language: PL;\"><\/span><span style=\"font-size: 12.0pt; font-family: 'Arial',sans-serif; mso-fareast-font-family: 'Times New Roman'; color: #2c2f45; mso-font-kerning: 0pt; mso-ligatures: none; mso-fareast-language: PL;\">\u2022 Kr\u00f3j: Lu\u017ana bluzka, kt\u00f3ra gwarantuje swobod\u0119 ruch\u00f3w i wygod\u0119 noszenia przez ca\u0142y dzie\u0144.<\/span><\/p>\n<p class=\"MsoNormal\" style=\"mso-margin-top-alt: auto; mso-margin-bottom-alt: auto; line-height: normal; mso-outline-level: 3; background: white;\"><span style=\"font-size: 12.0pt; font-family: 'Arial',sans-serif; mso-fareast-font-family: 'Times New Roman'; color: #2c2f45; mso-font-kerning: 0pt; mso-ligatures: none; mso-fareast-language: PL;\">\u2022 Detale:<\/span><span style=\"font-size: 12.0pt; font-family: 'Arial',sans-serif; mso-fareast-font-family: 'Times New Roman'; color: #2c2f45; mso-font-kerning: 0pt; mso-ligatures: none; mso-fareast-language: PL;\"> Modne aplikacje, kt\u00f3re dodaj\u0105 charakteru i sprawiaj\u0105, \u017ce bluza wyr\u00f3\u017cnia si\u0119 na tle innych.<\/span><\/p>\n<p class=\"MsoNormal\" style=\"mso-margin-top-alt: auto; mso-margin-bottom-alt: auto; line-height: normal; mso-outline-level: 3; background: white;\"><span style=\"font-size: 12.0pt; font-family: 'Arial',sans-serif; mso-fareast-font-family: 'Times New Roman'; color: #2c2f45; mso-font-kerning: 0pt; mso-ligatures: none; mso-fareast-language: PL;\">\u2022 Uniwersalno\u015b\u0107:\u00a0 Idealna na co dzie\u0144, do szko\u0142y, na spotkania z przyjaci\u00f3\u0142mi czy weekendowe wypady.<\/span><\/p>\n<p class=\"MsoNormal\" style=\"mso-margin-top-alt: auto; mso-margin-bottom-alt: auto; line-height: normal; mso-outline-level: 3; background: white;\"><span style=\"font-size: 12.0pt; font-family: 'Arial',sans-serif; mso-fareast-font-family: 'Times New Roman'; color: #2c2f45; mso-font-kerning: 0pt; mso-ligatures: none; mso-fareast-language: PL;\"><strong>Spodenki:<\/strong><\/span><\/p>\n<p class=\"MsoNormal\" style=\"mso-margin-top-alt: auto; mso-margin-bottom-alt: auto; line-height: normal; mso-outline-level: 3; background: white;\"><span style=\"font-size: 12.0pt; font-family: 'Arial',sans-serif; mso-fareast-font-family: 'Times New Roman'; color: #2c2f45; mso-font-kerning: 0pt; mso-ligatures: none; mso-fareast-language: PL;\">\u2022 Materia\u0142: Bawe\u0142na, materia\u0142, kt\u00f3ry zapewnia komfort i swobod\u0119 ruch\u00f3w.<\/span><\/p>\n<p class=\"MsoNormal\" style=\"mso-margin-top-alt: auto; mso-margin-bottom-alt: auto; line-height: normal; mso-outline-level: 3; background: white;\"><span style=\"font-size: 12.0pt; font-family: 'Arial',sans-serif; mso-fareast-font-family: 'Times New Roman'; color: #2c2f45; mso-font-kerning: 0pt; mso-ligatures: none; mso-fareast-language: PL;\">\u2022 Kr\u00f3j: lu\u017cne spodnie o szerokich nogawkach, z elastycznym pasem, co u\u0142atwia dopasowanie do figury.<\/span><\/p>\n<p class=\"MsoNormal\" style=\"mso-margin-top-alt: auto; mso-margin-bottom-alt: auto; line-height: normal; mso-outline-level: 3; background: white;\"><span style=\"font-size: 12.0pt; font-family: 'Arial',sans-serif; mso-fareast-font-family: 'Times New Roman'; color: #2c2f45; mso-font-kerning: 0pt; mso-ligatures: none; mso-fareast-language: PL;\">\u2022 Funkcjonalno\u015b\u0107: Dodatkowe kieszenie na drobiazgi, kt\u00f3re s\u0105 praktycznym detalem w codziennym u\u017cytkowaniu.<\/span><\/p>\n<p class=\"MsoNormal\" style=\"mso-margin-top-alt: auto; mso-margin-bottom-alt: auto; line-height: normal; mso-outline-level: 3; background: white;\"><span style=\"font-size: 12.0pt; font-family: 'Arial',sans-serif; mso-fareast-font-family: 'Times New Roman'; color: #2c2f45; mso-font-kerning: 0pt; mso-ligatures: none; mso-fareast-language: PL;\">\u2022 Styl: Basicowy, ale modny design, kt\u00f3ry \u0142atwo zestawi\u0107 z r\u00f3\u017cnymi bluzami i t-shirtami.<\/span><\/p>\n<p class=\"MsoNormal\" style=\"mso-margin-top-alt: auto; mso-margin-bottom-alt: auto; line-height: normal; mso-outline-level: 3; background: white;\"><span style=\"font-size: 12.0pt; font-family: 'Arial',sans-serif; mso-fareast-font-family: 'Times New Roman'; color: #2c2f45; mso-font-kerning: 0pt; mso-ligatures: none; mso-fareast-language: PL;\">\u2022 Wszechstronno\u015b\u0107: Idealne do szko\u0142y, na spacery, czy codzienne aktywno\u015bci.<\/span><\/p>\n<p class=\"MsoNormal\" style=\"mso-margin-top-alt: auto; mso-margin-bottom-alt: auto; line-height: normal; mso-outline-level: 3; background: white;\">\n<p class=\"MsoNormal\" style=\"background: white;\">\n<p class=\"MsoNormal\" style=\"mso-margin-top-alt: auto; mso-margin-bottom-alt: auto; line-height: normal; mso-outline-level: 3; background: white;\"><span style=\"font-family: Arial, sans-serif; font-size: 12pt; background-color: #fafbfc;\">Wymiary bluzki:<\/span><\/p>\n<table width=\"261\" height=\"102\">\n<tbody>\n<tr>\n<td style=\"text-align: center;\">Rozmiar<\/td>\n<td style=\"text-align: center;\">D\u0142ugo\u015b\u0107 ca\u0142kowita<\/td>\n<td style=\"text-align: center;\">Szeroko\u015b\u0107 od pachy do pachy<\/td>\n<\/tr>\n<tr style=\"text-align: center;\">\n<td>140<\/td>\n<td>59<\/td>\n<td>48<\/td>\n<\/tr>\n<tr style=\"text-align: center;\">\n<td>146<\/td>\n<td>60<\/td>\n<td>50<\/td>\n<\/tr>\n<tr style=\"text-align: center;\">\n<td>152<\/td>\n<td>62<\/td>\n<td>52<\/td>\n<\/tr>\n<tr style=\"text-align: center;\">\n<td>158<\/td>\n<td>64<\/td>\n<td>53<\/td>\n<\/tr>\n<tr>\n<td style=\"text-align: center;\">164<\/td>\n<td style=\"text-align: center;\">65<\/td>\n<td style=\"text-align: center;\">55<\/td>\n<\/tr>\n<\/tbody>\n<\/table>\n<p><span style=\"font-family: Arial, sans-serif; font-size: 16px;\">Wymiary spodenek:\u00a0<\/span><\/p>\n<table width=\"260\" height=\"113\">\n<tbody>\n<tr>\n<td style=\"text-align: center;\">Rozmiar<\/td>\n<td style=\"text-align: center;\">D\u0142ugo\u015b\u0107 ca\u0142kowita<\/td>\n<td style=\"text-align: center;\">Szeroko\u015b\u0107 bez naci\u0105gania\/po naci\u0105gni\u0119ciu<\/td>\n<\/tr>\n<tr style=\"text-align: center;\">\n<td>140<\/td>\n<td>53<\/td>\n<td>28\/34<\/td>\n<\/tr>\n<tr style=\"text-align: center;\">\n<td>146<\/td>\n<td>54<\/td>\n<td>29\/35<\/td>\n<\/tr>\n<tr style=\"text-align: center;\">\n<td>152<\/td>\n<td>55<\/td>\n<td>30\/36<\/td>\n<\/tr>\n<tr style=\"text-align: center;\">\n<td>158<\/td>\n<td>58<\/td>\n<td>31\/37<\/td>\n<\/tr>\n<tr>\n<td style=\"text-align: center;\">164<\/td>\n<td style=\"text-align: center;\">60<\/td>\n<td style=\"text-align: center;\">32\/38<\/td>\n<\/tr>\n<\/tbody>\n<\/table>\n<p><span style=\"font-size: 12pt; font-family: Arial, sans-serif;\">Sk\u0142ad:95% bawe\u0142na, 5% elastyna<\/span><\/p>\n<p><span style=\"font-size: 12pt; font-family: Arial, sans-serif;\">Marka w\u0142asna OliLeo<\/span><\/p>\n<p class=\"MsoNoSpacing\"><span style=\"font-size: 12pt; font-family: Arial, sans-serif;\"><span style=\"color: #2c2f45; background-color: #ffffff;\">Nasze tkaniny s\u0105 niezwykle trwa\u0142e i odporne na zu\u017cycie. Nie zmieniaj\u0105 si\u0119 w praniu, nie mechac\u0105 si\u0119 ani nie wyci\u0105gaj\u0105, a kolana i \u0142okcie zachowuj\u0105 sw\u00f3j kszta\u0142t, co gwarantuje d\u0142ugotrwa\u0142\u0105 jako\u015b\u0107 i estetyk\u0119<\/span><\/span><\/p>\n<p class=\"MsoNoSpacing\"><span style=\"font-size: 12pt; font-family: Arial, sans-serif;\">Gwarancja jako\u015bci !<\/span><\/p>\n<p class=\"MsoNoSpacing\"><span style=\"font-size: 12pt; font-family: Arial, sans-serif;\">Model szyty w Turcji wed\u0142ug naszego projektu, proces produkcji w tym jako\u015b\u0107 naszych produkt\u00f3w monitorowana jest osobi\u015bcie w Turcji przez osoby z teamu S\u00f3wki\u00a0<\/p>\n<p>Zasady prania: Temperatura 30\u00b0C. U\u017cywa\u0107 delikatnego cyklu prania. Stosowa\u0107 \u0142agodny detergent bez wybielaczy. Pranie na lewej stronie<\/span><\/p><\/p>\n","protected":false},"excerpt":{"rendered":"<p>Wyj\u0105tkowy komplet oversize z najnowszej kolekcji S\u00f3wka Sklep dost\u0119pny w rozmiarach od 140 do 164.\u00a0 Komplet tie dye bluzka oversize i spodenki bermudy Rozmiar\u00f3wka standardowa, rozmiar wybieramy zgodnie z realnym wzrostem dziecka, dla pewno\u015bci wyboru odpowiedniego rozmiaru podajemy poni\u017cej tabel\u0119 z wymiarami na p\u0142asko +-2 cm Modelka dziewczynka brunetka: wzrost 149 cm, prezentuje rozmiar z [&hellip;]<\/p>\n","protected":false},"featured_media":1161,"comment_status":"open","ping_status":"closed","template":"","meta":{"_acf_changed":false},"product_cat":[71],"product_tag":[],"class_list":{"0":"post-1155","1":"product","2":"type-product","3":"status-publish","4":"has-post-thumbnail","6":"product_cat-nowosci","8":"first","9":"instock","10":"shipping-taxable","11":"purchasable","12":"product-type-variable","swatches":"rey-swatches","show_selected":"","stretch_labels":"rey-swatches--stretch-labels"},"acf":[],"_links":{"self":[{"href":"https:\/\/lumikids.przedprojekt.com.pl\/index.php?rest_route=\/wp\/v2\/product\/1155","targetHints":{"allow":["GET"]}}],"collection":[{"href":"https:\/\/lumikids.przedprojekt.com.pl\/index.php?rest_route=\/wp\/v2\/product"}],"about":[{"href":"https:\/\/lumikids.przedprojekt.com.pl\/index.php?rest_route=\/wp\/v2\/types\/product"}],"replies":[{"embeddable":true,"href":"https:\/\/lumikids.przedprojekt.com.pl\/index.php?rest_route=%2Fwp%2Fv2%2Fcomments&post=1155"}],"wp:featuredmedia":[{"embeddable":true,"href":"https:\/\/lumikids.przedprojekt.com.pl\/index.php?rest_route=\/wp\/v2\/media\/1161"}],"wp:attachment":[{"href":"https:\/\/lumikids.przedprojekt.com.pl\/index.php?rest_route=%2Fwp%2Fv2%2Fmedia&parent=1155"}],"wp:term":[{"taxonomy":"product_cat","embeddable":true,"href":"https:\/\/lumikids.przedprojekt.com.pl\/index.php?rest_route=%2Fwp%2Fv2%2Fproduct_cat&post=1155"},{"taxonomy":"product_tag","embeddable":true,"href":"https:\/\/lumikids.przedprojekt.com.pl\/index.php?rest_route=%2Fwp%2Fv2%2Fproduct_tag&post=1155"}],"curies":[{"name":"wp","href":"https:\/\/api.w.org\/{rel}","templated":true}]}}